{"id":3454,"date":"2023-07-17T13:29:29","date_gmt":"2023-07-17T11:29:29","guid":{"rendered":"https:\/\/www.longospeciality.it\/?post_type=product&#038;p=3454"},"modified":"2025-12-15T09:48:43","modified_gmt":"2025-12-15T08:48:43","slug":"gran-convivio","status":"publish","type":"product","link":"https:\/\/www.longospeciality.it\/en\/shop\/food-baskets\/gran-convivio\/","title":{"rendered":"Gran Convivio"},"content":{"rendered":"<p>Gran Convivio is much more than a gift box: it is an invitation to gather around the table, to share emotions and authentic flavors. Inside, a rich assortment of carefully selected sweet and savory delicacies, symbolizing the finest Italian food and wine tradition. Untying the ribbon and opening it becomes a gesture filled with anticipation and joy, to be experienced with loved ones.<\/p>","protected":false},"excerpt":{"rendered":"<p>Gran Convivio \u00e8 molto pi\u00f9 di una confezione regalo: \u00e8 un invito a ritrovarsi intorno alla tavola, a condividere emozioni e sapori autentici. Al suo interno, un ricco assortimento di prelibatezze dolci e salate accuratamente selezionate, simbolo della migliore tradizione enogastronomica italiana. Sciogliere il nastro e aprirla diventa un gesto carico di attesa e gioia, [&hellip;]<\/p>","protected":false},"featured_media":11299,"template":"","meta":{"_acf_changed":false},"product_brand":[],"product_cat":[16,75,76],"product_tag":[],"class_list":{"0":"post-3454","1":"product","2":"type-product","3":"status-publish","4":"has-post-thumbnail","6":"product_cat-regali-cesti-gastronomici","7":"product_cat-regali-per-clienti","8":"product_cat-regali-per-dipendenti","9":"tm-no-options","11":"first","12":"outofstock","13":"taxable","14":"shipping-taxable","15":"purchasable","16":"product-type-simple"},"acf":[],"_links":{"self":[{"href":"https:\/\/www.longospeciality.it\/en\/wp-json\/wp\/v2\/product\/3454"}],"collection":[{"href":"https:\/\/www.longospeciality.it\/en\/wp-json\/wp\/v2\/product"}],"about":[{"href":"https:\/\/www.longospeciality.it\/en\/wp-json\/wp\/v2\/types\/product"}],"wp:featuredmedia":[{"embeddable":true,"href":"https:\/\/www.longospeciality.it\/en\/wp-json\/wp\/v2\/media\/11299"}],"wp:attachment":[{"href":"https:\/\/www.longospeciality.it\/en\/wp-json\/wp\/v2\/media?parent=3454"}],"wp:term":[{"taxonomy":"product_brand","embeddable":true,"href":"https:\/\/www.longospeciality.it\/en\/wp-json\/wp\/v2\/product_brand?post=3454"},{"taxonomy":"product_cat","embeddable":true,"href":"https:\/\/www.longospeciality.it\/en\/wp-json\/wp\/v2\/product_cat?post=3454"},{"taxonomy":"product_tag","embeddable":true,"href":"https:\/\/www.longospeciality.it\/en\/wp-json\/wp\/v2\/product_tag?post=3454"}],"curies":[{"name":"wp","href":"https:\/\/api.w.org\/{rel}","templated":true}]}}