{"id":2823,"date":"2023-06-29T11:29:38","date_gmt":"2023-06-29T09:29:38","guid":{"rendered":"https:\/\/www.longospeciality.it\/?page_id=2823"},"modified":"2023-11-27T10:27:18","modified_gmt":"2023-11-27T09:27:18","slug":"contatti","status":"publish","type":"page","link":"https:\/\/www.longospeciality.it\/en\/contacts\/","title":{"rendered":"Contacts"},"content":{"rendered":"<div data-elementor-type=\"wp-page\" data-elementor-id=\"2823\" class=\"elementor elementor-2823\" data-elementor-post-type=\"page\">\n\t\t\t\t<div class=\"elementor-element elementor-element-5da9af1 e-flex e-con-boxed e-con e-parent\" data-id=\"5da9af1\" data-element_type=\"container\" data-settings=\"{&quot;background_background&quot;:&quot;classic&quot;}\">\n\t\t\t\t\t<div class=\"e-con-inner\">\n\t\t<div class=\"elementor-element elementor-element-548d1e0 e-flex e-con-boxed e-con e-child\" data-id=\"548d1e0\" data-element_type=\"container\" data-settings=\"{&quot;background_background&quot;:&quot;classic&quot;}\">\n\t\t\t\t\t<div class=\"e-con-inner\">\n\t\t\t\t<div class=\"elementor-element elementor-element-48e07f4 elementor-absolute elementor-widget elementor-widget-image\" data-id=\"48e07f4\" data-element_type=\"widget\" data-settings=\"{&quot;_position&quot;:&quot;absolute&quot;}\" data-widget_type=\"image.default\">\n\t\t\t\t<div class=\"elementor-widget-container\">\n\t\t\t\t\t\t\t\t\t\t\t\t\t<img fetchpriority=\"high\" decoding=\"async\" width=\"549\" height=\"276\" src=\"https:\/\/www.longospeciality.it\/wp-content\/uploads\/2023\/06\/logo-corsivo.png\" class=\"attachment-large size-large wp-image-2237\" alt=\"\" srcset=\"https:\/\/www.longospeciality.it\/wp-content\/uploads\/2023\/06\/logo-corsivo.png 549w, https:\/\/www.longospeciality.it\/wp-content\/uploads\/2023\/06\/logo-corsivo-300x151.png 300w\" sizes=\"(max-width: 549px) 100vw, 549px\" \/>\t\t\t\t\t\t\t\t\t\t\t\t\t<\/div>\n\t\t\t\t<\/div>\n\t\t\t\t<div class=\"elementor-element elementor-element-47ceacb elementor-widget elementor-widget-heading\" data-id=\"47ceacb\" data-element_type=\"widget\" data-widget_type=\"heading.default\">\n\t\t\t\t<div class=\"elementor-widget-container\">\n\t\t\t<h2 class=\"elementor-heading-title elementor-size-default\">Contact us<\/h2>\t\t<\/div>\n\t\t\t\t<\/div>\n\t\t\t\t<div class=\"elementor-element elementor-element-73ddb6f elementor-widget elementor-widget-text-editor\" data-id=\"73ddb6f\" data-element_type=\"widget\" data-widget_type=\"text-editor.default\">\n\t\t\t\t<div class=\"elementor-widget-container\">\n\t\t\t\t\t\t\t<p>and let our creativity inspire you.<\/p>\t\t\t\t\t\t<\/div>\n\t\t\t\t<\/div>\n\t\t\t\t<div class=\"elementor-element elementor-element-a1cb812 elementor-widget__width-initial fluent-form-widget-step-header-yes fluent-form-widget-step-progressbar-yes fluentform-widget-submit-button-custom elementor-widget elementor-widget-fluent-form-widget\" data-id=\"a1cb812\" data-element_type=\"widget\" data-widget_type=\"fluent-form-widget.default\">\n\t\t\t\t<div class=\"elementor-widget-container\">\n\t\t\t\n            <div class=\"fluentform-widget-wrapper fluentform-widget-custom-radio-checkbox fluentform-widget-align-default\">\n\n            \n            <div class='fluentform ff-default fluentform_wrapper_10 ffs_default_wrap'><form data-form_id=\"10\" id=\"fluentform_10\" class=\"frm-fluent-form fluent_form_10 ff-el-form-top ff_form_instance_10_1 ff-form-loading ffs_default\" data-form_instance=\"ff_form_instance_10_1\" method=\"POST\" action=\"\" ><fieldset  style=\"border: none!important;margin: 0!important;padding: 0!important;background-color: transparent!important;box-shadow: none!important;outline: none!important; min-inline-size: 100%;\">\n                    <legend class=\"ff_screen_reader_title\" style=\"display: block; margin: 0!important;padding: 0!important;height: 0!important;text-indent: -999999px;width: 0!important;overflow:hidden;\">Contatti Longo<\/legend><input type='hidden' name='__fluent_form_embded_post_id' value='2823' \/><input type=\"hidden\" id=\"_fluentform_10_fluentformnonce\" name=\"_fluentform_10_fluentformnonce\" value=\"7b4e45c528\" \/><input type=\"hidden\" name=\"_wp_http_referer\" value=\"\/en\/wp-json\/wp\/v2\/pages\/2823\" \/><div data-type=\"name-element\" data-name=\"names\" class=\"ff-field_container ff-name-field-wrapper\" ><div class='ff-t-container'><div class='ff-t-cell'><div class='ff-el-group  ff-el-form-hide_label'><div class=\"ff-el-input--label ff-el-is-required asterisk-right\"><label for='ff_10_names_first_name_' aria-label=\"Name\">Name<\/label><\/div><div class='ff-el-input--content'><input type=\"text\" name=\"names[first_name]\" id=\"ff_10_names_first_name_\" class=\"ff-el-form-control\" placeholder=\"Name\" aria-invalid=\"false\" aria-required=\"true\"><\/div><\/div><\/div><div class='ff-t-cell'><div class='ff-el-group  ff-el-form-hide_label'><div class=\"ff-el-input--label ff-el-is-required asterisk-right\"><label for='ff_10_names_last_name_' aria-label=\"Surname\">Surname<\/label><\/div><div class='ff-el-input--content'><input type=\"text\" name=\"names[last_name]\" id=\"ff_10_names_last_name_\" class=\"ff-el-form-control\" placeholder=\"Surname\" aria-invalid=\"false\" aria-required=\"true\"><\/div><\/div><\/div><\/div><\/div><div class='ff-el-group ff-el-form-hide_label'><div class=\"ff-el-input--label asterisk-right\"><label for='ff_10_input_text_2' aria-label=\"Company\">Company<\/label><\/div><div class='ff-el-input--content'><input type=\"text\" name=\"input_text_2\" class=\"ff-el-form-control\" placeholder=\"Company\" data-name=\"input_text_2\" id=\"ff_10_input_text_2\"  aria-invalid=\"false\" aria-required=\"false\"><\/div><\/div><div class='ff-el-group ff-el-form-hide_label'><div class=\"ff-el-input--label ff-el-is-required asterisk-right\"><label for='ff_10_input_text' aria-label=\"Richiesta\">Richiesta<\/label><\/div><div class='ff-el-input--content'><input type=\"text\" name=\"input_text\" class=\"ff-el-form-control\" placeholder=\"Your request\" data-name=\"input_text\" id=\"ff_10_input_text\"  aria-invalid=\"false\" aria-required=\"true\"><\/div><\/div><div class='ff-el-group  ff_list_inline'><div class=\"ff-el-input--label asterisk-right\"><label  aria-label=\"Would you like to provide us more information? \">Would you like to provide us more information? <\/label><\/div><div class='ff-el-input--content'><div class='ff-el-form-check ff-el-form-check-'><label class='ff-el-form-check-label' for=\"input_radio_1b837993c68bf5eee66a2f26a250f8ed\"><input  type=\"radio\" name=\"input_radio\" data-name=\"input_radio\" class=\"ff-el-form-check-input ff-el-form-check-radio\" value=\"S\u00ec \"  id='input_radio_1b837993c68bf5eee66a2f26a250f8ed' aria-label='Yes ' aria-invalid='false' aria-required=\"false\"> <span>Yes <\/span><\/label><\/div><div class='ff-el-form-check ff-el-form-check-'><label class='ff-el-form-check-label' for=\"input_radio_2ac3460aed45c6157297c18dd341c89b\"><input  type=\"radio\" name=\"input_radio\" data-name=\"input_radio\" class=\"ff-el-form-check-input ff-el-form-check-radio\" value=\"no\"  id='input_radio_2ac3460aed45c6157297c18dd341c89b' aria-label='No' aria-invalid='false' aria-required=\"false\"> <span>No<\/span><\/label><\/div><\/div><\/div><div data-name=\"ff_cn_id_1\"  class='ff-t-container ff-column-container ff_columns_total_1  has-conditions'><div class='ff-t-cell ff-t-column-1' style='flex-basis: 100%;'><div class='ff-el-group ff-el-form-hide_label'><div class=\"ff-el-input--label asterisk-right\"><label for='ff_10_numeric-field' aria-label=\"How many boxes would you like to gift? \">How many boxes would you like to gift? <\/label><\/div><div class='ff-el-input--content'><input type=\"number\" name=\"numeric-field\" id=\"ff_10_numeric-field\" class=\"ff-el-form-control\" placeholder=\"How many boxes would you like to gift? \" data-name=\"numeric-field\" inputmode=\"numeric\" step=\"any\"  aria-invalid=\"false\" aria-required=\"false\"><\/div><\/div><div class='ff-el-group ff-el-form-hide_label'><div class=\"ff-el-input--label asterisk-right\"><label for='ff_10_input_text_1' aria-label=\"What is your budget per box?\">What is your budget per box?<\/label><\/div><div class='ff-el-input--content'><input type=\"text\" name=\"input_text_1\" class=\"ff-el-form-control\" placeholder=\"What is your budget per box?\" data-name=\"input_text_1\" id=\"ff_10_input_text_1\"  aria-invalid=\"false\" aria-required=\"false\"><\/div><\/div><div class='ff-el-group  ff_list_inline'><div class=\"ff-el-input--label asterisk-right\"><label  aria-label=\"Would you like to personalize your box?\">Would you like to personalize your box?<\/label><\/div><div class='ff-el-input--content'><div class='ff-el-form-check ff-el-form-check-'><label class='ff-el-form-check-label' for=\"input_radio_1_5c86b47a7729afc39c454395fe4622cd\"><input  type=\"radio\" name=\"input_radio_1\" data-name=\"input_radio_1\" class=\"ff-el-form-check-input ff-el-form-check-radio\" value=\"S\u00ec\"  id='input_radio_1_5c86b47a7729afc39c454395fe4622cd' aria-label='Yes' aria-invalid='false' aria-required=\"false\"> <span>Yes<\/span><\/label><\/div><div class='ff-el-form-check ff-el-form-check-'><label class='ff-el-form-check-label' for=\"input_radio_1_907812d1192b83d25121e022029f6718\"><input  type=\"radio\" name=\"input_radio_1\" data-name=\"input_radio_1\" class=\"ff-el-form-check-input ff-el-form-check-radio\" value=\"no\"  id='input_radio_1_907812d1192b83d25121e022029f6718' aria-label='No' aria-invalid='false' aria-required=\"false\"> <span>No<\/span><\/label><\/div><\/div><\/div><div class='ff-el-group ff-el-form-hide_label'><div class=\"ff-el-input--label asterisk-right\"><label for='ff_10_datetime' aria-label=\"Do you have a strict delivery date?\">Do you have a strict delivery date?<\/label><\/div><div class='ff-el-input--content'><input data-type-datepicker data-format='d\/m\/Y' type=\"text\" name=\"datetime\" id=\"ff_10_datetime\" class=\"ff-el-form-control ff-el-datepicker\" placeholder=\"Do you have a strict delivery date?\" data-name=\"datetime\"  aria-invalid='false' aria-required=\"false\"><\/div><\/div><div class='ff-el-group ff-el-form-hide_label'><div class=\"ff-el-input--label asterisk-right\"><label for='ff_10_description' aria-label=\"Do you have specific requests for the products to be included?\">Do you have specific requests for the products to be included?<\/label><\/div><div class='ff-el-input--content'><textarea aria-invalid=\"false\" aria-required=\"false\" name=\"description\" id=\"ff_10_description\" class=\"ff-el-form-control\" placeholder=\"Do you have specific requests for the products to be included?\" rows=\"3\" cols=\"2\" data-name=\"description\" ><\/textarea><\/div><\/div><\/div><\/div><div class='ff-el-group ff-el-form-hide_label'><div class=\"ff-el-input--label ff-el-is-required asterisk-right\"><label for='ff_10_email' aria-label=\"Email\">Email<\/label><\/div><div class='ff-el-input--content'><input type=\"email\" name=\"email\" id=\"ff_10_email\" class=\"ff-el-form-control\" placeholder=\"Your email\" data-name=\"email\"  aria-invalid=\"false\" aria-required=\"true\"><\/div><\/div><div class='ff-el-group ff-el-form-hide_label dichiarazione ff_list_inline'><div class=\"ff-el-input--label asterisk-right\"><label  aria-label=\"Newsletter\">Newsletter<\/label><\/div><div class='ff-el-input--content'><div class='ff-el-form-check ff-el-form-check-'><label class='ff-el-form-check-label' for=\"checkbox_032bfff1a3d9d891046af00b67e85b0b\"><input  type=\"checkbox\" name=\"checkbox[]\" data-name=\"checkbox\" class=\"ff-el-form-check-input ff-el-form-check-checkbox\" value=\"Desidero iscrivermi alla newsletter\"  id='checkbox_032bfff1a3d9d891046af00b67e85b0b' aria-label='I want to subscribe to the newsletter' aria-invalid='false' aria-required=\"false\"> <span>I want to subscribe to the newsletter<\/span><\/label><\/div><\/div><\/div><div data-name=\"ff_cn_id_2\"  class='ff-t-container ff-column-container ff_columns_total_2'><div class='ff-t-cell ff-t-column-1' style='flex-basis: 70%;'><div class='ff-el-group  dichiarazione  ff-el-input--content'><div class='ff-el-form-check ff-el-tc'><label aria-label='terms & conditions' class='ff-el-form-check-label ff_tc_label' for=\"terms-n-condition_5da2373f7c960d710d823648f056f6a8\"><span class='ff_tc_checkbox'><input type=\"checkbox\" name=\"terms-n-condition\" class=\"ff-el-form-check-input\" data-name=\"terms-n-condition\" id=\"terms-n-condition_5da2373f7c960d710d823648f056f6a8\"  value='on' aria-invalid='false' aria-required=\"true\"><\/span> <div class='ff_t_c'><p>I declare that I accept Longo\u2019s privacy policy.<\/p><\/div><\/label><\/div><\/div><\/div><div class='ff-t-cell ff-t-column-2' style='flex-basis: 30%;'><div class='ff-el-group ff-text-left ff_submit_btn_wrapper ff_submit_btn_wrapper_custom'><button class=\"ff-btn ff-btn-submit ff-btn-md invio-contatto ff_btn_style wpf_has_custom_css\" type=\"submit\" name=\"custom_submit_button-10_1\" data-name=\"custom_submit_button-10_1\" >SUBMIT<\/button><style>form.fluent_form_10 .wpf_has_custom_css.ff-btn-submit { background-color:#1a7efb;border-color:#1a7efb;color:#ffffff;min-width:100%; }form.fluent_form_10 .wpf_has_custom_css.ff-btn-submit:hover { background-color:#ffffff;border-color:#1a7efb;color:#1a7efb;min-width:100%; } <\/style><\/div><\/div><\/div><\/fieldset><input type=\"hidden\" name=\"trp-form-language\" value=\"en\"\/><\/form><div id='fluentform_10_errors' class='ff-errors-in-stack ff_form_instance_10_1 ff-form-loading_errors ff_form_instance_10_1_errors'><\/div><\/div>        <script type=\"text\/javascript\">\n            window.fluent_form_ff_form_instance_10_1 = {\"id\":\"10\",\"settings\":{\"layout\":{\"labelPlacement\":\"top\",\"helpMessagePlacement\":\"with_label\",\"errorMessagePlacement\":\"inline\",\"cssClassName\":\"\",\"asteriskPlacement\":\"asterisk-right\"},\"restrictions\":{\"denyEmptySubmission\":{\"enabled\":false}}},\"form_instance\":\"ff_form_instance_10_1\",\"form_id_selector\":\"fluentform_10\",\"rules\":{\"names[first_name]\":{\"required\":{\"value\":true,\"message\":\"Campo obbligatorio\",\"global\":false,\"global_message\":\"This field is required\"}},\"names[middle_name]\":{\"required\":{\"value\":false,\"message\":\"This field is required\",\"global\":false,\"global_message\":\"This field is required\"}},\"names[last_name]\":{\"required\":{\"value\":true,\"message\":\"Campo obbligatorio\",\"global\":false,\"global_message\":\"This field is required\"}},\"input_text_2\":{\"required\":{\"value\":false,\"message\":\"This field is required\",\"global\":false,\"global_message\":\"This field is required\"}},\"input_text\":{\"required\":{\"value\":true,\"message\":\"Campo obbligaotrio\",\"global\":false,\"global_message\":\"This field is required\"}},\"input_radio\":{\"required\":{\"value\":false,\"message\":\"This field is required\",\"global\":false,\"global_message\":\"This field is required\"}},\"numeric-field\":{\"required\":{\"value\":false,\"message\":\"This field is required\",\"global\":false,\"global_message\":\"This field is required\"},\"numeric\":{\"value\":true,\"message\":\"This field must contain numeric value\",\"global\":false,\"global_message\":\"This field must contain numeric value\"},\"min\":{\"value\":\"\",\"message\":\"Minimum value is \",\"global\":false,\"global_message\":\"Validation fails for minimum value\"},\"max\":{\"value\":\"\",\"message\":\"Maximum value is \",\"global\":false,\"global_message\":\"Validation fails for maximum value\"},\"digits\":{\"value\":\"\",\"message\":\"The number of digits has to be \",\"global\":false,\"global_message\":\"Validation fails for limited digits\"}},\"input_text_1\":{\"required\":{\"value\":false,\"message\":\"This field is required\",\"global\":false,\"global_message\":\"This field is required\"}},\"input_radio_1\":{\"required\":{\"value\":false,\"message\":\"This field is required\",\"global\":false,\"global_message\":\"This field is required\"}},\"datetime\":{\"required\":{\"value\":false,\"message\":\"This field is required\",\"global\":false,\"global_message\":\"This field is required\"}},\"description\":{\"required\":{\"value\":false,\"message\":\"This field is required\",\"global\":false,\"global_message\":\"This field is required\"}},\"email\":{\"required\":{\"value\":true,\"message\":\"Campo obbligatorio\",\"global\":false,\"global_message\":\"This field is required\"},\"email\":{\"value\":true,\"message\":\"Devi inserire un formato email valido\",\"global\":false,\"global_message\":\"This field must contain a valid email\"}},\"checkbox\":{\"required\":{\"value\":false,\"message\":\"This field is required\",\"global\":false,\"global_message\":\"This field is required\"}},\"terms-n-condition\":{\"required\":{\"value\":true,\"message\":\"Campo obbligatorio\",\"global\":false,\"global_message\":\"This field is required\"}}},\"conditionals\":{\"ff_cn_id_1\":{\"type\":\"any\",\"status\":true,\"conditions\":[{\"field\":\"input_radio\",\"value\":\"S\\u00ec \",\"operator\":\"=\"}]},\"numeric-field\":{\"conditions\":[],\"status\":false,\"type\":\"any\",\"container_condition\":{\"type\":\"any\",\"status\":true,\"conditions\":[{\"field\":\"input_radio\",\"value\":\"S\\u00ec \",\"operator\":\"=\"}]}},\"input_text_1\":{\"conditions\":[],\"status\":false,\"type\":\"any\",\"container_condition\":{\"type\":\"any\",\"status\":true,\"conditions\":[{\"field\":\"input_radio\",\"value\":\"S\\u00ec \",\"operator\":\"=\"}]}},\"input_radio_1\":{\"conditions\":[],\"status\":false,\"type\":\"any\",\"container_condition\":{\"type\":\"any\",\"status\":true,\"conditions\":[{\"field\":\"input_radio\",\"value\":\"S\\u00ec \",\"operator\":\"=\"}]}},\"datetime\":{\"conditions\":[],\"status\":false,\"type\":\"any\",\"container_condition\":{\"type\":\"any\",\"status\":true,\"conditions\":[{\"field\":\"input_radio\",\"value\":\"S\\u00ec \",\"operator\":\"=\"}]}},\"description\":{\"conditions\":[],\"status\":false,\"type\":\"any\",\"container_condition\":{\"type\":\"any\",\"status\":true,\"conditions\":[{\"field\":\"input_radio\",\"value\":\"S\\u00ec \",\"operator\":\"=\"}]}}}};\n                    <\/script>\n                    <\/div>\n\n            \t\t<\/div>\n\t\t\t\t<\/div>\n\t\t\t\t\t<\/div>\n\t\t\t\t<\/div>\n\t\t\t\t\t<\/div>\n\t\t\t\t<\/div>\n\t\t<div class=\"elementor-element elementor-element-d457ced e-flex e-con-boxed e-con e-parent\" data-id=\"d457ced\" data-element_type=\"container\">\n\t\t\t\t\t<div class=\"e-con-inner\">\n\t\t\t\t<div class=\"elementor-element elementor-element-aad95e4 elementor-widget elementor-widget-heading\" data-id=\"aad95e4\" data-element_type=\"widget\" data-widget_type=\"heading.default\">\n\t\t\t\t<div class=\"elementor-widget-container\">\n\t\t\t<h2 class=\"elementor-heading-title elementor-size-default\">Personal consultants <\/h2>\t\t<\/div>\n\t\t\t\t<\/div>\n\t\t\t\t<div class=\"elementor-element elementor-element-e08e753 elementor-widget-divider--view-line elementor-widget elementor-widget-divider\" data-id=\"e08e753\" data-element_type=\"widget\" data-widget_type=\"divider.default\">\n\t\t\t\t<div class=\"elementor-widget-container\">\n\t\t\t\t\t<div class=\"elementor-divider\">\n\t\t\t<span class=\"elementor-divider-separator\">\n\t\t\t\t\t\t<\/span>\n\t\t<\/div>\n\t\t\t\t<\/div>\n\t\t\t\t<\/div>\n\t\t\t\t<div class=\"elementor-element elementor-element-6eaeae4 elementor-widget__width-initial elementor-widget elementor-widget-text-editor\" data-id=\"6eaeae4\" data-element_type=\"widget\" data-widget_type=\"text-editor.default\">\n\t\t\t\t<div class=\"elementor-widget-container\">\n\t\t\t\t\t\t\t<p>Members of our sales team are fully available to understand your needs, provide solutions that meet your expectations and offer support even after your purchase.<\/p>\t\t\t\t\t\t<\/div>\n\t\t\t\t<\/div>\n\t\t\t\t\t<\/div>\n\t\t\t\t<\/div>\n\t\t<div class=\"elementor-element elementor-element-ddf4a8b e-flex e-con-boxed e-con e-parent\" data-id=\"ddf4a8b\" data-element_type=\"container\">\n\t\t\t\t\t<div class=\"e-con-inner\">\n\t\t<div class=\"elementor-element elementor-element-71d4688 e-con-full e-flex e-con e-child\" data-id=\"71d4688\" data-element_type=\"container\">\n\t\t\t\t<div class=\"elementor-element elementor-element-efa36ca elementor-widget elementor-widget-heading\" data-id=\"efa36ca\" data-element_type=\"widget\" data-widget_type=\"heading.default\">\n\t\t\t\t<div class=\"elementor-widget-container\">\n\t\t\t<h1 class=\"elementor-heading-title elementor-size-default\">Contacts<\/h1>\t\t<\/div>\n\t\t\t\t<\/div>\n\t\t\t\t<div class=\"elementor-element elementor-element-857fbe9 elementor-widget elementor-widget-text-editor\" data-id=\"857fbe9\" data-element_type=\"widget\" data-widget_type=\"text-editor.default\">\n\t\t\t\t<div class=\"elementor-widget-container\">\n\t\t\t\t\t\t\t<p><strong>Quote request:<\/strong><br \/><a href=\"mailto:commerciale@longospeciality.it\">commerciale@longospeciality.it<\/a><\/p><p><strong>Order and after-sales management:<\/strong><br \/><a href=\"mailto:clienti@longospeciality.it\">clienti@longospeciality.it<\/a><\/p><p><strong>Administration:<\/strong><br \/><a href=\"mailto:amministrazione@longospeciality.it\">amministrazione@longospeciality.it<\/a><\/p><p><strong>Phone contacts:<\/strong><br \/>Tel. <a href=\"tel:+390331402194\">+39 0331 402194<\/a><\/p><p><strong>Headquarters:<\/strong><br \/>Via Viscarda, 22<br \/>20034 &#8211; San Giorgio su Legnano (MI)<\/p>\t\t\t\t\t\t<\/div>\n\t\t\t\t<\/div>\n\t\t\t\t<\/div>\n\t\t<div class=\"elementor-element elementor-element-d369a16 e-con-full e-flex e-con e-child\" data-id=\"d369a16\" data-element_type=\"container\">\n\t\t\t\t<div class=\"elementor-element elementor-element-addd363 elementor-widget elementor-widget-google_maps\" data-id=\"addd363\" data-element_type=\"widget\" data-widget_type=\"google_maps.default\">\n\t\t\t\t<div class=\"elementor-widget-container\">\n\t\t\t\t\t<div class=\"elementor-custom-embed\">\n\t\t\t<iframe loading=\"lazy\"\n\t\t\t\t\tsrc=\"https:\/\/maps.google.com\/maps?q=Via%20Viscarda%2C%2022%2020034%20-%20San%20Giorgio%20su%20Legnano%20%28MI%29&#038;t=m&#038;z=12&#038;output=embed&#038;iwloc=near\"\n\t\t\t\t\ttitle=\"Via Viscarda, 22 20034 - San Giorgio su Legnano (MI)\"\n\t\t\t\t\taria-label=\"Via Viscarda, 22 20034 - San Giorgio su Legnano (MI)\"\n\t\t\t><\/iframe>\n\t\t<\/div>\n\t\t\t\t<\/div>\n\t\t\t\t<\/div>\n\t\t\t\t<\/div>\n\t\t\t\t\t<\/div>\n\t\t\t\t<\/div>\n\t\t\t\t<\/div>","protected":false},"excerpt":{"rendered":"<p>Contattaci e lasciati ispirare dalla nostra creativit\u00e0. Contatti Longo NomeCognomeAziendaRichiestaTi va di fornirci maggiori dettagli? S\u00ec NoQuante confezioni vorresti regalare? Qual \u00e8 il budget a confezione?Vorresti personalizzare la tua confezione? S\u00ec NoHai una data di consegna tassativa?Hai richieste particolari sui prodotti da inserire?EmailNewsletter Desidero iscrivermi alla newsletter Dichiaro di Accettare la Privacy Policy di Longo. [&hellip;]<\/p>","protected":false},"author":1,"featured_media":0,"parent":0,"menu_order":0,"comment_status":"closed","ping_status":"closed","template":"","meta":{"_acf_changed":false,"footnotes":""},"class_list":["post-2823","page","type-page","status-publish","hentry"],"acf":[],"_links":{"self":[{"href":"https:\/\/www.longospeciality.it\/en\/wp-json\/wp\/v2\/pages\/2823"}],"collection":[{"href":"https:\/\/www.longospeciality.it\/en\/wp-json\/wp\/v2\/pages"}],"about":[{"href":"https:\/\/www.longospeciality.it\/en\/wp-json\/wp\/v2\/types\/page"}],"author":[{"embeddable":true,"href":"https:\/\/www.longospeciality.it\/en\/wp-json\/wp\/v2\/users\/1"}],"replies":[{"embeddable":true,"href":"https:\/\/www.longospeciality.it\/en\/wp-json\/wp\/v2\/comments?post=2823"}],"version-history":[{"count":12,"href":"https:\/\/www.longospeciality.it\/en\/wp-json\/wp\/v2\/pages\/2823\/revisions"}],"predecessor-version":[{"id":6339,"href":"https:\/\/www.longospeciality.it\/en\/wp-json\/wp\/v2\/pages\/2823\/revisions\/6339"}],"wp:attachment":[{"href":"https:\/\/www.longospeciality.it\/en\/wp-json\/wp\/v2\/media?parent=2823"}],"curies":[{"name":"wp","href":"https:\/\/api.w.org\/{rel}","templated":true}]}}